{"id":65,"date":"2024-11-29T22:52:57","date_gmt":"2024-11-29T21:52:57","guid":{"rendered":"https:\/\/www.mk-poellau.at\/online\/?page_id=65"},"modified":"2025-01-08T21:43:18","modified_gmt":"2025-01-08T20:43:18","slug":"chronik","status":"publish","type":"page","link":"https:\/\/www.mk-poellau.at\/online\/verein\/chronik\/","title":{"rendered":"Chronik"},"content":{"rendered":"\t\t<div data-elementor-type=\"wp-page\" data-elementor-id=\"65\" class=\"elementor elementor-65\" data-elementor-post-type=\"page\">\n\t\t\t\t<div class=\"elementor-element elementor-element-7e45c26 mk-hero e-flex e-con-boxed e-con e-parent\" data-id=\"7e45c26\" data-element_type=\"container\" data-settings=\"{&quot;background_background&quot;:&quot;classic&quot;,&quot;shape_divider_bottom&quot;:&quot;waves&quot;,&quot;shape_divider_bottom_negative&quot;:&quot;yes&quot;}\">\n\t\t\t\t\t<div class=\"e-con-inner\">\n\t\t\t\t<div class=\"elementor-shape elementor-shape-bottom\" aria-hidden=\"true\" data-negative=\"true\">\n\t\t\t<svg xmlns=\"http:\/\/www.w3.org\/2000\/svg\" viewBox=\"0 0 1000 100\" preserveAspectRatio=\"none\">\n\t<path class=\"elementor-shape-fill\" d=\"M790.5,93.1c-59.3-5.3-116.8-18-192.6-50c-29.6-12.7-76.9-31-100.5-35.9c-23.6-4.9-52.6-7.8-75.5-5.3\n\tc-10.2,1.1-22.6,1.4-50.1,7.4c-27.2,6.3-58.2,16.6-79.4,24.7c-41.3,15.9-94.9,21.9-134,22.6C72,58.2,0,25.8,0,25.8V100h1000V65.3\n\tc0,0-51.5,19.4-106.2,25.7C839.5,97,814.1,95.2,790.5,93.1z\"\/>\n<\/svg>\t\t<\/div>\n\t\t<div class=\"elementor-element elementor-element-26de2e2 e-con-full e-flex elementor-invisible e-con e-child\" data-id=\"26de2e2\" data-element_type=\"container\" data-settings=\"{&quot;animation&quot;:&quot;fadeInRight&quot;}\">\n\t\t\t\t<div class=\"elementor-element elementor-element-f972914 mk-sub-heading elementor-widget elementor-widget-heading\" data-id=\"f972914\" data-element_type=\"widget\" data-widget_type=\"heading.default\">\n\t\t\t\t<div class=\"elementor-widget-container\">\n\t\t\t\t\t<h4 class=\"elementor-heading-title elementor-size-default\">Geschichte<\/h4>\t\t\t\t<\/div>\n\t\t\t\t<\/div>\n\t\t\t\t<div class=\"elementor-element elementor-element-d591981 mk-hero-title elementor-widget elementor-widget-heading\" data-id=\"d591981\" data-element_type=\"widget\" data-widget_type=\"heading.default\">\n\t\t\t\t<div class=\"elementor-widget-container\">\n\t\t\t\t\t<h1 class=\"elementor-heading-title elementor-size-default\">Chronik<\/h1>\t\t\t\t<\/div>\n\t\t\t\t<\/div>\n\t\t\t\t<\/div>\n\t\t\t\t\t<\/div>\n\t\t\t\t<\/div>\n\t\t<div class=\"elementor-element elementor-element-1df07cc mk-intro e-flex e-con-boxed e-con e-parent\" data-id=\"1df07cc\" data-element_type=\"container\">\n\t\t\t\t\t<div class=\"e-con-inner\">\n\t\t<div class=\"elementor-element elementor-element-d1309e3 e-con-full e-flex elementor-invisible e-con e-child\" data-id=\"d1309e3\" data-element_type=\"container\" data-settings=\"{&quot;animation&quot;:&quot;fadeInUp&quot;,&quot;animation_delay&quot;:300,&quot;background_background&quot;:&quot;classic&quot;}\">\n\t\t\t\t<\/div>\n\t\t<div class=\"elementor-element elementor-element-7bcb7b8 e-con-full e-flex elementor-invisible e-con e-child\" data-id=\"7bcb7b8\" data-element_type=\"container\" data-settings=\"{&quot;animation&quot;:&quot;fadeInRight&quot;,&quot;animation_delay&quot;:300}\">\n\t\t\t\t<div class=\"elementor-element elementor-element-3d10a25 elementor-icon-list--layout-inline elementor-align-left mk-sub-title-icon elementor-list-item-link-full_width elementor-widget elementor-widget-icon-list\" data-id=\"3d10a25\" data-element_type=\"widget\" data-widget_type=\"icon-list.default\">\n\t\t\t\t<div class=\"elementor-widget-container\">\n\t\t\t\t\t\t\t<ul class=\"elementor-icon-list-items elementor-inline-items\">\n\t\t\t\t\t\t\t<li class=\"elementor-icon-list-item elementor-inline-item\">\n\t\t\t\t\t\t\t\t\t\t\t<span class=\"elementor-icon-list-icon\">\n\t\t\t\t\t\t\t<svg aria-hidden=\"true\" class=\"e-font-icon-svg e-fas-paper-plane\" viewBox=\"0 0 512 512\" xmlns=\"http:\/\/www.w3.org\/2000\/svg\"><path d=\"M476 3.2L12.5 270.6c-18.1 10.4-15.8 35.6 2.2 43.2L121 358.4l287.3-253.2c5.5-4.9 13.3 2.6 8.6 8.3L176 407v80.5c0 23.6 28.5 32.9 42.5 15.8L282 426l124.6 52.2c14.2 6 30.4-2.9 33-18.2l72-432C515 7.8 493.3-6.8 476 3.2z\"><\/path><\/svg>\t\t\t\t\t\t<\/span>\n\t\t\t\t\t\t\t\t\t\t<span class=\"elementor-icon-list-text\">wie alles begann<\/span>\n\t\t\t\t\t\t\t\t\t<\/li>\n\t\t\t\t\t\t<\/ul>\n\t\t\t\t\t\t<\/div>\n\t\t\t\t<\/div>\n\t\t\t\t<div class=\"elementor-element elementor-element-ee8ea95 mk-hero-title elementor-widget elementor-widget-heading\" data-id=\"ee8ea95\" data-element_type=\"widget\" data-widget_type=\"heading.default\">\n\t\t\t\t<div class=\"elementor-widget-container\">\n\t\t\t\t\t<h2 class=\"elementor-heading-title elementor-size-default\">Die Musikkapelle P\u00f6llau<\/h2>\t\t\t\t<\/div>\n\t\t\t\t<\/div>\n\t\t\t\t<div class=\"elementor-element elementor-element-4bc57b3 elementor-widget elementor-widget-text-editor\" data-id=\"4bc57b3\" data-element_type=\"widget\" data-widget_type=\"text-editor.default\">\n\t\t\t\t<div class=\"elementor-widget-container\">\n\t\t\t\t\t\t\t\t\tIn ihren alten Fuhrmannstrachten, mit den blumengeschm\u00fcckten H\u00fcten und ihren goldblitzenden Instrumenten sind die Damen und Herren der Musikkapelle P\u00f6llau nicht nur gern geh\u00f6rte, sondern auch gern gesehene G\u00e4ste, die jeder Veranstaltung mit ihrer Musik einen festlichen Rahmen geben.\n\nDie oststeirische Gemeinde P\u00f6llau kann auf eine reiche Musiktradition zur\u00fcckblicken. Die imposante barocke Pfarrkirche mit der original erhaltenen Orgel aus dem Jahre 1739 l\u00e4sst sakrale Musikaus\u00fcbung auf hohem Niveau vermuten. Schriftliche Aufzeichnungen \u00fcber einen privaten Musikunterricht in P\u00f6llau datieren aus der Mitte des 19. Jahrhunderts, 1860 wurde ein Musik- und Gesangsverein gegr\u00fcndet, dem auch eine Marktmusikkapelle angeh\u00f6rte. Seit dieser Zeit gibt es eine Blasmusikkapelle in P\u00f6llau.\t\t\t\t\t\t\t\t<\/div>\n\t\t\t\t<\/div>\n\t\t\t\t<\/div>\n\t\t\t\t\t<\/div>\n\t\t\t\t<\/div>\n\t\t<div class=\"elementor-element elementor-element-e887163 mk-intro e-flex e-con-boxed e-con e-parent\" data-id=\"e887163\" data-element_type=\"container\" data-settings=\"{&quot;background_background&quot;:&quot;classic&quot;,&quot;shape_divider_top&quot;:&quot;waves&quot;,&quot;shape_divider_bottom&quot;:&quot;waves&quot;}\">\n\t\t\t\t\t<div class=\"e-con-inner\">\n\t\t\t\t<div class=\"elementor-shape elementor-shape-top\" aria-hidden=\"true\" data-negative=\"false\">\n\t\t\t<svg xmlns=\"http:\/\/www.w3.org\/2000\/svg\" viewBox=\"0 0 1000 100\" preserveAspectRatio=\"none\">\n\t<path class=\"elementor-shape-fill\" d=\"M421.9,6.5c22.6-2.5,51.5,0.4,75.5,5.3c23.6,4.9,70.9,23.5,100.5,35.7c75.8,32.2,133.7,44.5,192.6,49.7\n\tc23.6,2.1,48.7,3.5,103.4-2.5c54.7-6,106.2-25.6,106.2-25.6V0H0v30.3c0,0,72,32.6,158.4,30.5c39.2-0.7,92.8-6.7,134-22.4\n\tc21.2-8.1,52.2-18.2,79.7-24.2C399.3,7.9,411.6,7.5,421.9,6.5z\"\/>\n<\/svg>\t\t<\/div>\n\t\t\t\t<div class=\"elementor-shape elementor-shape-bottom\" aria-hidden=\"true\" data-negative=\"false\">\n\t\t\t<svg xmlns=\"http:\/\/www.w3.org\/2000\/svg\" viewBox=\"0 0 1000 100\" preserveAspectRatio=\"none\">\n\t<path class=\"elementor-shape-fill\" d=\"M421.9,6.5c22.6-2.5,51.5,0.4,75.5,5.3c23.6,4.9,70.9,23.5,100.5,35.7c75.8,32.2,133.7,44.5,192.6,49.7\n\tc23.6,2.1,48.7,3.5,103.4-2.5c54.7-6,106.2-25.6,106.2-25.6V0H0v30.3c0,0,72,32.6,158.4,30.5c39.2-0.7,92.8-6.7,134-22.4\n\tc21.2-8.1,52.2-18.2,79.7-24.2C399.3,7.9,411.6,7.5,421.9,6.5z\"\/>\n<\/svg>\t\t<\/div>\n\t\t<div class=\"elementor-element elementor-element-796c148 e-con-full e-flex elementor-invisible e-con e-child\" data-id=\"796c148\" data-element_type=\"container\" data-settings=\"{&quot;animation&quot;:&quot;fadeInUp&quot;,&quot;animation_delay&quot;:300,&quot;background_background&quot;:&quot;classic&quot;}\">\n\t\t\t\t<\/div>\n\t\t<div class=\"elementor-element elementor-element-0416811 e-con-full e-flex elementor-invisible e-con e-child\" data-id=\"0416811\" data-element_type=\"container\" data-settings=\"{&quot;animation&quot;:&quot;fadeInRight&quot;,&quot;animation_delay&quot;:300}\">\n\t\t\t\t<div class=\"elementor-element elementor-element-908200f mk-hero-title elementor-widget elementor-widget-heading\" data-id=\"908200f\" data-element_type=\"widget\" data-widget_type=\"heading.default\">\n\t\t\t\t<div class=\"elementor-widget-container\">\n\t\t\t\t\t<h2 class=\"elementor-heading-title elementor-size-default\">1955 \u2013 1972\n<\/h2>\t\t\t\t<\/div>\n\t\t\t\t<\/div>\n\t\t\t\t<div class=\"elementor-element elementor-element-639eb23 elementor-widget elementor-widget-text-editor\" data-id=\"639eb23\" data-element_type=\"widget\" data-widget_type=\"text-editor.default\">\n\t\t\t\t<div class=\"elementor-widget-container\">\n\t\t\t\t\t\t\t\t\t<p>1955 gr\u00fcndete der nebenamtliche Musiklehrer Karl Weghofer eine Jugendkapelle, die \u00fcber die Grenzen des Landes hinaus Erfolge feierte (1. Rang beim internationalen Jugend-Blasmusikertreffen in H\u00f6chst 1958). Als viele Musiker der Jugendkapelle dem Jugendalter entwachsen waren und einige weitere Musiker der bis dato bestehenden Marktmusikkapelle in die Jugendkapelle eintraten, erfolgte 1963 die Umbenennung in \u201eKernstock-Kapelle P\u00f6llau\u201c. Der Name geht auf Ottokar Kernstock zur\u00fcck, einem umstrittenen Dichterpriester, der auf der Festenburg wirkte. Karl Weghofer stammte aus der Gegend von Festenburg und dessen Vater war ein guter Freund von Kernstock. Ihm zu Ehren wurde die Kapelle in P\u00f6llau so benannt<\/p>\t\t\t\t\t\t\t\t<\/div>\n\t\t\t\t<\/div>\n\t\t\t\t<\/div>\n\t\t\t\t\t<\/div>\n\t\t\t\t<\/div>\n\t\t<div class=\"elementor-element elementor-element-70a8ac1 mk-intro e-flex e-con-boxed e-con e-parent\" data-id=\"70a8ac1\" data-element_type=\"container\" data-settings=\"{&quot;background_background&quot;:&quot;classic&quot;}\">\n\t\t\t\t\t<div class=\"e-con-inner\">\n\t\t<div class=\"elementor-element elementor-element-7226c01 e-con-full e-flex elementor-invisible e-con e-child\" data-id=\"7226c01\" data-element_type=\"container\" data-settings=\"{&quot;animation&quot;:&quot;fadeInUp&quot;,&quot;animation_delay&quot;:300,&quot;background_background&quot;:&quot;classic&quot;}\">\n\t\t\t\t<\/div>\n\t\t<div class=\"elementor-element elementor-element-40c78a8 e-con-full e-flex elementor-invisible e-con e-child\" data-id=\"40c78a8\" data-element_type=\"container\" data-settings=\"{&quot;animation&quot;:&quot;fadeInRight&quot;,&quot;animation_delay&quot;:300}\">\n\t\t\t\t<div class=\"elementor-element elementor-element-a1006a5 mk-hero-title elementor-widget elementor-widget-heading\" data-id=\"a1006a5\" data-element_type=\"widget\" data-widget_type=\"heading.default\">\n\t\t\t\t<div class=\"elementor-widget-container\">\n\t\t\t\t\t<h2 class=\"elementor-heading-title elementor-size-default\">Seit 2012<\/h2>\t\t\t\t<\/div>\n\t\t\t\t<\/div>\n\t\t\t\t<div class=\"elementor-element elementor-element-c7e0cf5 elementor-widget elementor-widget-text-editor\" data-id=\"c7e0cf5\" data-element_type=\"widget\" data-widget_type=\"text-editor.default\">\n\t\t\t\t<div class=\"elementor-widget-container\">\n\t\t\t\t\t\t\t\t\t<p>In ihren alten Fuhrmannstrachten, mit den blumengeschm\u00fcckten H\u00fcten und ihren goldblitzenden Instrumenten sind die Damen und Herren der Musikkapelle P\u00f6llau nicht nur gern geh\u00f6rte, sondern auch gern gesehene G\u00e4ste, die jeder Veranstaltung mit ihrer Musik einen festlichen Rahmen geben.<\/p><p>Die oststeirische Gemeinde P\u00f6llau kann auf eine reiche Musiktradition zur\u00fcckblicken. Die imposante barocke Pfarrkirche mit der original erhaltenen Orgel aus dem Jahre 1739 l\u00e4sst sakrale Musikaus\u00fcbung auf hohem Niveau vermuten. Schriftliche Aufzeichnungen \u00fcber einen privaten Musikunterricht in P\u00f6llau datieren aus der Mitte des 19. Jahrhunderts, 1860 wurde ein Musik- und Gesangsverein gegr\u00fcndet, dem auch eine Marktmusikkapelle angeh\u00f6rte. Seit dieser Zeit gibt es eine Blasmusikkapelle in P\u00f6llau.<\/p>\t\t\t\t\t\t\t\t<\/div>\n\t\t\t\t<\/div>\n\t\t\t\t<\/div>\n\t\t\t\t\t<\/div>\n\t\t\t\t<\/div>\n\t\t<div class=\"elementor-element elementor-element-65712fe e-flex e-con-boxed e-con e-parent\" data-id=\"65712fe\" data-element_type=\"container\" data-settings=\"{&quot;background_background&quot;:&quot;classic&quot;}\">\n\t\t\t\t\t<div class=\"e-con-inner\">\n\t\t\t\t<div class=\"elementor-element elementor-element-2621943 elementor-arrows-position-inside elementor-pagination-position-outside elementor-widget elementor-widget-image-carousel\" data-id=\"2621943\" data-element_type=\"widget\" data-settings=\"{&quot;navigation&quot;:&quot;both&quot;,&quot;autoplay&quot;:&quot;yes&quot;,&quot;pause_on_hover&quot;:&quot;yes&quot;,&quot;pause_on_interaction&quot;:&quot;yes&quot;,&quot;autoplay_speed&quot;:5000,&quot;infinite&quot;:&quot;yes&quot;,&quot;speed&quot;:500}\" data-widget_type=\"image-carousel.default\">\n\t\t\t\t<div class=\"elementor-widget-container\">\n\t\t\t\t\t\t\t<div class=\"elementor-image-carousel-wrapper swiper\" role=\"region\" aria-roledescription=\"carousel\" aria-label=\"Image Carousel\" dir=\"ltr\">\n\t\t\t<div class=\"elementor-image-carousel swiper-wrapper\" aria-live=\"off\">\n\t\t\t\t\t\t\t\t<div class=\"swiper-slide\" role=\"group\" aria-roledescription=\"slide\" aria-label=\"1 von 10\"><a data-elementor-open-lightbox=\"yes\" data-elementor-lightbox-slideshow=\"2621943\" data-elementor-lightbox-title=\"art-of-cibulka-2006-IMG_4325-300x200\" data-e-action-hash=\"#elementor-action%3Aaction%3Dlightbox%26settings%3DeyJpZCI6ODEwNCwidXJsIjoiaHR0cHM6XC9cL3d3dy5tay1wb2VsbGF1LmF0XC9vbmxpbmVcL3dwLWNvbnRlbnRcL3VwbG9hZHNcLzIwMjVcLzAxXC9hcnQtb2YtY2lidWxrYS0yMDA2LUlNR180MzI1LTMwMHgyMDAtMS5qcGciLCJzbGlkZXNob3ciOiIyNjIxOTQzIn0%3D\" href=\"https:\/\/www.mk-poellau.at\/online\/wp-content\/uploads\/2025\/01\/art-of-cibulka-2006-IMG_4325-300x200-1.jpg\" data-rel=\"lightbox-image-0\" data-rl_title=\"\" data-rl_caption=\"\" title=\"\"><figure class=\"swiper-slide-inner\"><img decoding=\"async\" class=\"swiper-slide-image\" src=\"https:\/\/www.mk-poellau.at\/online\/wp-content\/uploads\/2025\/01\/art-of-cibulka-2006-IMG_4325-300x200-1.jpg\" alt=\"art-of-cibulka-2006-IMG_4325-300x200\" \/><\/figure><\/a><\/div><div class=\"swiper-slide\" role=\"group\" aria-roledescription=\"slide\" aria-label=\"2 von 10\"><a data-elementor-open-lightbox=\"yes\" data-elementor-lightbox-slideshow=\"2621943\" data-elementor-lightbox-title=\"Bla\u0308sertag005-Large1-300x200\" data-e-action-hash=\"#elementor-action%3Aaction%3Dlightbox%26settings%3DeyJpZCI6ODEwNSwidXJsIjoiaHR0cHM6XC9cL3d3dy5tay1wb2VsbGF1LmF0XC9vbmxpbmVcL3dwLWNvbnRlbnRcL3VwbG9hZHNcLzIwMjVcLzAxXC9CbGFlc2VydGFnMDA1LUxhcmdlMS0zMDB4MjAwLTEuanBnIiwic2xpZGVzaG93IjoiMjYyMTk0MyJ9\" href=\"https:\/\/www.mk-poellau.at\/online\/wp-content\/uploads\/2025\/01\/Blaesertag005-Large1-300x200-1.jpg\" data-rel=\"lightbox-image-1\" data-rl_title=\"\" data-rl_caption=\"\" title=\"\"><figure class=\"swiper-slide-inner\"><img decoding=\"async\" class=\"swiper-slide-image\" src=\"https:\/\/www.mk-poellau.at\/online\/wp-content\/uploads\/2025\/01\/Blaesertag005-Large1-300x200-1.jpg\" alt=\"Bla\u0308sertag005-Large1-300x200\" \/><\/figure><\/a><\/div><div class=\"swiper-slide\" role=\"group\" aria-roledescription=\"slide\" aria-label=\"3 von 10\"><a data-elementor-open-lightbox=\"yes\" data-elementor-lightbox-slideshow=\"2621943\" data-elementor-lightbox-title=\"Budeswettbewerb12002010-300x200\" data-e-action-hash=\"#elementor-action%3Aaction%3Dlightbox%26settings%3DeyJpZCI6ODEwNiwidXJsIjoiaHR0cHM6XC9cL3d3dy5tay1wb2VsbGF1LmF0XC9vbmxpbmVcL3dwLWNvbnRlbnRcL3VwbG9hZHNcLzIwMjVcLzAxXC9CdWRlc3dldHRiZXdlcmIxMjAwMjAxMC0zMDB4MjAwLTEuanBnIiwic2xpZGVzaG93IjoiMjYyMTk0MyJ9\" href=\"https:\/\/www.mk-poellau.at\/online\/wp-content\/uploads\/2025\/01\/Budeswettbewerb12002010-300x200-1.jpg\" data-rel=\"lightbox-image-2\" data-rl_title=\"\" data-rl_caption=\"\" title=\"\"><figure class=\"swiper-slide-inner\"><img decoding=\"async\" class=\"swiper-slide-image\" src=\"https:\/\/www.mk-poellau.at\/online\/wp-content\/uploads\/2025\/01\/Budeswettbewerb12002010-300x200-1.jpg\" alt=\"Budeswettbewerb12002010-300x200\" \/><\/figure><\/a><\/div><div class=\"swiper-slide\" role=\"group\" aria-roledescription=\"slide\" aria-label=\"4 von 10\"><a data-elementor-open-lightbox=\"yes\" data-elementor-lightbox-slideshow=\"2621943\" data-elementor-lightbox-title=\"Chronik099-300x200\" data-e-action-hash=\"#elementor-action%3Aaction%3Dlightbox%26settings%3DeyJpZCI6ODEwOCwidXJsIjoiaHR0cHM6XC9cL3d3dy5tay1wb2VsbGF1LmF0XC9vbmxpbmVcL3dwLWNvbnRlbnRcL3VwbG9hZHNcLzIwMjVcLzAxXC9DaHJvbmlrMDk5LTMwMHgyMDAtMi5qcGciLCJzbGlkZXNob3ciOiIyNjIxOTQzIn0%3D\" href=\"https:\/\/www.mk-poellau.at\/online\/wp-content\/uploads\/2025\/01\/Chronik099-300x200-2.jpg\" data-rel=\"lightbox-image-3\" data-rl_title=\"\" data-rl_caption=\"\" title=\"\"><figure class=\"swiper-slide-inner\"><img decoding=\"async\" class=\"swiper-slide-image\" src=\"https:\/\/www.mk-poellau.at\/online\/wp-content\/uploads\/2025\/01\/Chronik099-300x200-2.jpg\" alt=\"Chronik099-300x200\" \/><\/figure><\/a><\/div><div class=\"swiper-slide\" role=\"group\" aria-roledescription=\"slide\" aria-label=\"5 von 10\"><a data-elementor-open-lightbox=\"yes\" data-elementor-lightbox-slideshow=\"2621943\" data-elementor-lightbox-title=\"Chronik200-300x200\" data-e-action-hash=\"#elementor-action%3Aaction%3Dlightbox%26settings%3DeyJpZCI6ODEwOSwidXJsIjoiaHR0cHM6XC9cL3d3dy5tay1wb2VsbGF1LmF0XC9vbmxpbmVcL3dwLWNvbnRlbnRcL3VwbG9hZHNcLzIwMjVcLzAxXC9DaHJvbmlrMjAwLTMwMHgyMDAtMS5qcGciLCJzbGlkZXNob3ciOiIyNjIxOTQzIn0%3D\" href=\"https:\/\/www.mk-poellau.at\/online\/wp-content\/uploads\/2025\/01\/Chronik200-300x200-1.jpg\" data-rel=\"lightbox-image-4\" data-rl_title=\"\" data-rl_caption=\"\" title=\"\"><figure class=\"swiper-slide-inner\"><img decoding=\"async\" class=\"swiper-slide-image\" src=\"https:\/\/www.mk-poellau.at\/online\/wp-content\/uploads\/2025\/01\/Chronik200-300x200-1.jpg\" alt=\"Chronik200-300x200\" \/><\/figure><\/a><\/div><div class=\"swiper-slide\" role=\"group\" aria-roledescription=\"slide\" aria-label=\"6 von 10\"><a data-elementor-open-lightbox=\"yes\" data-elementor-lightbox-slideshow=\"2621943\" data-elementor-lightbox-title=\"Chronik204-300x200\" data-e-action-hash=\"#elementor-action%3Aaction%3Dlightbox%26settings%3DeyJpZCI6ODExMCwidXJsIjoiaHR0cHM6XC9cL3d3dy5tay1wb2VsbGF1LmF0XC9vbmxpbmVcL3dwLWNvbnRlbnRcL3VwbG9hZHNcLzIwMjVcLzAxXC9DaHJvbmlrMjA0LTMwMHgyMDAtMS5qcGciLCJzbGlkZXNob3ciOiIyNjIxOTQzIn0%3D\" href=\"https:\/\/www.mk-poellau.at\/online\/wp-content\/uploads\/2025\/01\/Chronik204-300x200-1.jpg\" data-rel=\"lightbox-image-5\" data-rl_title=\"\" data-rl_caption=\"\" title=\"\"><figure class=\"swiper-slide-inner\"><img decoding=\"async\" class=\"swiper-slide-image\" src=\"https:\/\/www.mk-poellau.at\/online\/wp-content\/uploads\/2025\/01\/Chronik204-300x200-1.jpg\" alt=\"Chronik204-300x200\" \/><\/figure><\/a><\/div><div class=\"swiper-slide\" role=\"group\" aria-roledescription=\"slide\" aria-label=\"7 von 10\"><a data-elementor-open-lightbox=\"yes\" data-elementor-lightbox-slideshow=\"2621943\" data-elementor-lightbox-title=\"Chronik206-300x200\" data-e-action-hash=\"#elementor-action%3Aaction%3Dlightbox%26settings%3DeyJpZCI6ODExMSwidXJsIjoiaHR0cHM6XC9cL3d3dy5tay1wb2VsbGF1LmF0XC9vbmxpbmVcL3dwLWNvbnRlbnRcL3VwbG9hZHNcLzIwMjVcLzAxXC9DaHJvbmlrMjA2LTMwMHgyMDAtMS5qcGciLCJzbGlkZXNob3ciOiIyNjIxOTQzIn0%3D\" href=\"https:\/\/www.mk-poellau.at\/online\/wp-content\/uploads\/2025\/01\/Chronik206-300x200-1.jpg\" data-rel=\"lightbox-image-6\" data-rl_title=\"\" data-rl_caption=\"\" title=\"\"><figure class=\"swiper-slide-inner\"><img decoding=\"async\" class=\"swiper-slide-image\" src=\"https:\/\/www.mk-poellau.at\/online\/wp-content\/uploads\/2025\/01\/Chronik206-300x200-1.jpg\" alt=\"Chronik206-300x200\" \/><\/figure><\/a><\/div><div class=\"swiper-slide\" role=\"group\" aria-roledescription=\"slide\" aria-label=\"8 von 10\"><a data-elementor-open-lightbox=\"yes\" data-elementor-lightbox-slideshow=\"2621943\" data-elementor-lightbox-title=\"Jugendblaskapelle-am-Po\u0308llauberg1jpg-300x200\" data-e-action-hash=\"#elementor-action%3Aaction%3Dlightbox%26settings%3DeyJpZCI6ODExMiwidXJsIjoiaHR0cHM6XC9cL3d3dy5tay1wb2VsbGF1LmF0XC9vbmxpbmVcL3dwLWNvbnRlbnRcL3VwbG9hZHNcLzIwMjVcLzAxXC9KdWdlbmRibGFza2FwZWxsZS1hbS1Qb2VsbGF1YmVyZzFqcGctMzAweDIwMC0xLmpwZyIsInNsaWRlc2hvdyI6IjI2MjE5NDMifQ%3D%3D\" href=\"https:\/\/www.mk-poellau.at\/online\/wp-content\/uploads\/2025\/01\/Jugendblaskapelle-am-Poellauberg1jpg-300x200-1.jpg\" data-rel=\"lightbox-image-7\" data-rl_title=\"\" data-rl_caption=\"\" title=\"\"><figure class=\"swiper-slide-inner\"><img decoding=\"async\" class=\"swiper-slide-image\" src=\"https:\/\/www.mk-poellau.at\/online\/wp-content\/uploads\/2025\/01\/Jugendblaskapelle-am-Poellauberg1jpg-300x200-1.jpg\" alt=\"Jugendblaskapelle-am-Po\u0308llauberg1jpg-300x200\" \/><\/figure><\/a><\/div><div class=\"swiper-slide\" role=\"group\" aria-roledescription=\"slide\" aria-label=\"9 von 10\"><a data-elementor-open-lightbox=\"yes\" data-elementor-lightbox-slideshow=\"2621943\" data-elementor-lightbox-title=\"Jugendblaskapelle-Po\u0308llau1--300x200\" data-e-action-hash=\"#elementor-action%3Aaction%3Dlightbox%26settings%3DeyJpZCI6ODExMywidXJsIjoiaHR0cHM6XC9cL3d3dy5tay1wb2VsbGF1LmF0XC9vbmxpbmVcL3dwLWNvbnRlbnRcL3VwbG9hZHNcLzIwMjVcLzAxXC9KdWdlbmRibGFza2FwZWxsZS1Qb2VsbGF1MS0zMDB4MjAwLTEuanBnIiwic2xpZGVzaG93IjoiMjYyMTk0MyJ9\" href=\"https:\/\/www.mk-poellau.at\/online\/wp-content\/uploads\/2025\/01\/Jugendblaskapelle-Poellau1-300x200-1.jpg\" data-rel=\"lightbox-image-8\" data-rl_title=\"\" data-rl_caption=\"\" title=\"\"><figure class=\"swiper-slide-inner\"><img decoding=\"async\" class=\"swiper-slide-image\" src=\"https:\/\/www.mk-poellau.at\/online\/wp-content\/uploads\/2025\/01\/Jugendblaskapelle-Poellau1-300x200-1.jpg\" alt=\"Jugendblaskapelle-Po\u0308llau1--300x200\" \/><\/figure><\/a><\/div><div class=\"swiper-slide\" role=\"group\" aria-roledescription=\"slide\" aria-label=\"10 von 10\"><a data-elementor-open-lightbox=\"yes\" data-elementor-lightbox-slideshow=\"2621943\" data-elementor-lightbox-title=\"Mid-Europe-2007-Jazz-Trio-DSC_1101-300x200\" data-e-action-hash=\"#elementor-action%3Aaction%3Dlightbox%26settings%3DeyJpZCI6ODExNCwidXJsIjoiaHR0cHM6XC9cL3d3dy5tay1wb2VsbGF1LmF0XC9vbmxpbmVcL3dwLWNvbnRlbnRcL3VwbG9hZHNcLzIwMjVcLzAxXC9NaWQtRXVyb3BlLTIwMDctSmF6ei1UcmlvLURTQ18xMTAxLTMwMHgyMDAtMS5qcGciLCJzbGlkZXNob3ciOiIyNjIxOTQzIn0%3D\" href=\"https:\/\/www.mk-poellau.at\/online\/wp-content\/uploads\/2025\/01\/Mid-Europe-2007-Jazz-Trio-DSC_1101-300x200-1.jpg\" data-rel=\"lightbox-image-9\" data-rl_title=\"\" data-rl_caption=\"\" title=\"\"><figure class=\"swiper-slide-inner\"><img decoding=\"async\" class=\"swiper-slide-image\" src=\"https:\/\/www.mk-poellau.at\/online\/wp-content\/uploads\/2025\/01\/Mid-Europe-2007-Jazz-Trio-DSC_1101-300x200-1.jpg\" alt=\"Mid-Europe-2007-Jazz-Trio-DSC_1101-300x200\" \/><\/figure><\/a><\/div>\t\t\t<\/div>\n\t\t\t\t\t\t\t\t\t\t\t\t<div class=\"elementor-swiper-button elementor-swiper-button-prev\" role=\"button\" tabindex=\"0\">\n\t\t\t\t\t\t<svg aria-hidden=\"true\" class=\"e-font-icon-svg e-eicon-chevron-left\" viewBox=\"0 0 1000 1000\" xmlns=\"http:\/\/www.w3.org\/2000\/svg\"><path d=\"M646 125C629 125 613 133 604 142L308 442C296 454 292 471 292 487 292 504 296 521 308 533L604 854C617 867 629 875 646 875 663 875 679 871 692 858 704 846 713 829 713 812 713 796 708 779 692 767L438 487 692 225C700 217 708 204 708 187 708 171 704 154 692 142 675 129 663 125 646 125Z\"><\/path><\/svg>\t\t\t\t\t<\/div>\n\t\t\t\t\t<div class=\"elementor-swiper-button elementor-swiper-button-next\" role=\"button\" tabindex=\"0\">\n\t\t\t\t\t\t<svg aria-hidden=\"true\" class=\"e-font-icon-svg e-eicon-chevron-right\" viewBox=\"0 0 1000 1000\" xmlns=\"http:\/\/www.w3.org\/2000\/svg\"><path d=\"M696 533C708 521 713 504 713 487 713 471 708 454 696 446L400 146C388 133 375 125 354 125 338 125 325 129 313 142 300 154 292 171 292 187 292 204 296 221 308 233L563 492 304 771C292 783 288 800 288 817 288 833 296 850 308 863 321 871 338 875 354 875 371 875 388 867 400 854L696 533Z\"><\/path><\/svg>\t\t\t\t\t<\/div>\n\t\t\t\t\n\t\t\t\t\t\t\t\t\t<div class=\"swiper-pagination\"><\/div>\n\t\t\t\t\t\t\t\t\t<\/div>\n\t\t\t\t\t\t<\/div>\n\t\t\t\t<\/div>\n\t\t\t\t\t<\/div>\n\t\t\t\t<\/div>\n\t\t\t\t<\/div>\n\t\t","protected":false},"excerpt":{"rendered":"<p>Geschichte Chronik wie alles begann Die Musikkapelle P\u00f6llau In ihren alten Fuhrmannstrachten, mit den blumengeschm\u00fcckten H\u00fcten und ihren goldblitzenden Instrumenten sind die Damen und Herren der Musikkapelle P\u00f6llau nicht nur [&hellip;]<\/p>\n","protected":false},"author":1,"featured_media":0,"parent":61,"menu_order":15,"comment_status":"closed","ping_status":"closed","template":"","meta":{"_acf_changed":false,"footnotes":""},"class_list":["post-65","page","type-page","status-publish","hentry"],"acf":[],"_links":{"self":[{"href":"https:\/\/www.mk-poellau.at\/online\/wp-json\/wp\/v2\/pages\/65","targetHints":{"allow":["GET"]}}],"collection":[{"href":"https:\/\/www.mk-poellau.at\/online\/wp-json\/wp\/v2\/pages"}],"about":[{"href":"https:\/\/www.mk-poellau.at\/online\/wp-json\/wp\/v2\/types\/page"}],"author":[{"embeddable":true,"href":"https:\/\/www.mk-poellau.at\/online\/wp-json\/wp\/v2\/users\/1"}],"replies":[{"embeddable":true,"href":"https:\/\/www.mk-poellau.at\/online\/wp-json\/wp\/v2\/comments?post=65"}],"version-history":[{"count":0,"href":"https:\/\/www.mk-poellau.at\/online\/wp-json\/wp\/v2\/pages\/65\/revisions"}],"up":[{"embeddable":true,"href":"https:\/\/www.mk-poellau.at\/online\/wp-json\/wp\/v2\/pages\/61"}],"wp:attachment":[{"href":"https:\/\/www.mk-poellau.at\/online\/wp-json\/wp\/v2\/media?parent=65"}],"curies":[{"name":"wp","href":"https:\/\/api.w.org\/{rel}","templated":true}]}}