{"id":77,"date":"2024-11-29T22:54:33","date_gmt":"2024-11-29T21:54:33","guid":{"rendered":"https:\/\/www.mk-poellau.at\/online\/?page_id=77"},"modified":"2025-01-08T21:13:06","modified_gmt":"2025-01-08T20:13:06","slug":"film","status":"publish","type":"page","link":"https:\/\/www.mk-poellau.at\/online\/medien\/film\/","title":{"rendered":"Film"},"content":{"rendered":"\t\t<div data-elementor-type=\"wp-page\" data-elementor-id=\"77\" class=\"elementor elementor-77\" data-elementor-post-type=\"page\">\n\t\t\t\t<div class=\"elementor-element elementor-element-58a0c4e mk-hero e-flex e-con-boxed e-con e-parent\" data-id=\"58a0c4e\" data-element_type=\"container\" data-settings=\"{&quot;background_background&quot;:&quot;classic&quot;,&quot;shape_divider_bottom&quot;:&quot;waves&quot;,&quot;shape_divider_bottom_negative&quot;:&quot;yes&quot;}\">\n\t\t\t\t\t<div class=\"e-con-inner\">\n\t\t\t\t<div class=\"elementor-shape elementor-shape-bottom\" aria-hidden=\"true\" data-negative=\"true\">\n\t\t\t<svg xmlns=\"http:\/\/www.w3.org\/2000\/svg\" viewBox=\"0 0 1000 100\" preserveAspectRatio=\"none\">\n\t<path class=\"elementor-shape-fill\" d=\"M790.5,93.1c-59.3-5.3-116.8-18-192.6-50c-29.6-12.7-76.9-31-100.5-35.9c-23.6-4.9-52.6-7.8-75.5-5.3\n\tc-10.2,1.1-22.6,1.4-50.1,7.4c-27.2,6.3-58.2,16.6-79.4,24.7c-41.3,15.9-94.9,21.9-134,22.6C72,58.2,0,25.8,0,25.8V100h1000V65.3\n\tc0,0-51.5,19.4-106.2,25.7C839.5,97,814.1,95.2,790.5,93.1z\"\/>\n<\/svg>\t\t<\/div>\n\t\t<div class=\"elementor-element elementor-element-51a2f49 e-con-full e-flex elementor-invisible e-con e-child\" data-id=\"51a2f49\" data-element_type=\"container\" data-settings=\"{&quot;animation&quot;:&quot;fadeInRight&quot;}\">\n\t\t\t\t<div class=\"elementor-element elementor-element-f3e605f mk-sub-heading elementor-widget elementor-widget-heading\" data-id=\"f3e605f\" data-element_type=\"widget\" data-widget_type=\"heading.default\">\n\t\t\t\t<div class=\"elementor-widget-container\">\n\t\t\t\t\t<h4 class=\"elementor-heading-title elementor-size-default\">Emotion Pur!<\/h4>\t\t\t\t<\/div>\n\t\t\t\t<\/div>\n\t\t\t\t<div class=\"elementor-element elementor-element-bde4ea3 mk-hero-title elementor-widget elementor-widget-heading\" data-id=\"bde4ea3\" data-element_type=\"widget\" data-widget_type=\"heading.default\">\n\t\t\t\t<div class=\"elementor-widget-container\">\n\t\t\t\t\t<h1 class=\"elementor-heading-title elementor-size-default\">Der Imagefilm der Musikkapelle P\u00f6llau\n<\/h1>\t\t\t\t<\/div>\n\t\t\t\t<\/div>\n\t\t\t\t<\/div>\n\t\t\t\t\t<\/div>\n\t\t\t\t<\/div>\n\t\t<div class=\"elementor-element elementor-element-b816d85 e-flex e-con-boxed e-con e-parent\" data-id=\"b816d85\" data-element_type=\"container\">\n\t\t\t\t\t<div class=\"e-con-inner\">\n\t\t\t\t<div class=\"elementor-element elementor-element-81f7132 elementor-widget elementor-widget-video\" data-id=\"81f7132\" data-element_type=\"widget\" data-settings=\"{&quot;youtube_url&quot;:&quot;https:\\\/\\\/youtu.be\\\/856OA4Eld4o&quot;,&quot;video_type&quot;:&quot;youtube&quot;,&quot;controls&quot;:&quot;yes&quot;}\" data-widget_type=\"video.default\">\n\t\t\t\t<div class=\"elementor-widget-container\">\n\t\t\t\t\t\t\t<div class=\"elementor-wrapper elementor-open-inline\">\n\t\t\t<div class=\"elementor-video\"><\/div>\t\t<\/div>\n\t\t\t\t\t\t<\/div>\n\t\t\t\t<\/div>\n\t\t\t\t<div class=\"elementor-element elementor-element-94ff7ee elementor-widget elementor-widget-text-editor\" data-id=\"94ff7ee\" data-element_type=\"widget\" data-widget_type=\"text-editor.default\">\n\t\t\t\t<div class=\"elementor-widget-container\">\n\t\t\t\t\t\t\t\t\t<div class=\"wpb_text_column wpb_content_element \"><div class=\"wpb_wrapper\"><p>120 Sekunden die ber\u00fchren, 120 Sekunden die unsere Werte und F\u00e4higkeiten transportieren, 120 Sekunden als bewegte Visitenkarte, die zeigen was die Musikkapelle P\u00f6llau ausmacht \u2013 das alles wollten wir mit der Produktion dieses Imagefilms ausdr\u00fccken.<\/p><p>Dazu hat uns das Filmteam von MagicTakes ein Jahr lang begleitet und mit der Musik aus der Feder von Kapellmeister-Stellvertreter Wolfgang Kornberger wurde dieses Video als Pr\u00e4sentation unseres Vereins geschaffen. Und das mit Emotion pur, denn Musik l\u00e4sst uns niemals kalt.<\/p><\/div><\/div><div class=\"vc_empty_space\">\u00a0<\/div>\t\t\t\t\t\t\t\t<\/div>\n\t\t\t\t<\/div>\n\t\t\t\t<div class=\"elementor-element elementor-element-f116ac7 elementor-arrows-position-inside elementor-pagination-position-outside elementor-widget elementor-widget-image-carousel\" data-id=\"f116ac7\" data-element_type=\"widget\" data-settings=\"{&quot;navigation&quot;:&quot;both&quot;,&quot;autoplay&quot;:&quot;yes&quot;,&quot;pause_on_hover&quot;:&quot;yes&quot;,&quot;pause_on_interaction&quot;:&quot;yes&quot;,&quot;autoplay_speed&quot;:5000,&quot;infinite&quot;:&quot;yes&quot;,&quot;speed&quot;:500}\" data-widget_type=\"image-carousel.default\">\n\t\t\t\t<div class=\"elementor-widget-container\">\n\t\t\t\t\t\t\t<div class=\"elementor-image-carousel-wrapper swiper\" role=\"region\" aria-roledescription=\"carousel\" aria-label=\"Image Carousel\" dir=\"ltr\">\n\t\t\t<div class=\"elementor-image-carousel swiper-wrapper\" aria-live=\"off\">\n\t\t\t\t\t\t\t\t<div class=\"swiper-slide\" role=\"group\" aria-roledescription=\"slide\" aria-label=\"1 von 5\"><a data-elementor-open-lightbox=\"yes\" data-elementor-lightbox-slideshow=\"f116ac7\" data-elementor-lightbox-title=\"MG_8042-1024x683\" data-e-action-hash=\"#elementor-action%3Aaction%3Dlightbox%26settings%3DeyJpZCI6Nzk5NywidXJsIjoiaHR0cHM6XC9cL3d3dy5tay1wb2VsbGF1LmF0XC9vbmxpbmVcL3dwLWNvbnRlbnRcL3VwbG9hZHNcLzIwMjVcLzAxXC9NR184MDQyLTEwMjR4NjgzLTEuanBnIiwic2xpZGVzaG93IjoiZjExNmFjNyJ9\" href=\"https:\/\/www.mk-poellau.at\/online\/wp-content\/uploads\/2025\/01\/MG_8042-1024x683-1.jpg\" data-rel=\"lightbox-image-0\" data-rl_title=\"\" data-rl_caption=\"\" title=\"\"><figure class=\"swiper-slide-inner\"><img decoding=\"async\" class=\"swiper-slide-image\" src=\"https:\/\/www.mk-poellau.at\/online\/wp-content\/uploads\/2025\/01\/MG_8042-1024x683-1-300x200.jpg\" alt=\"MG_8042-1024x683\" \/><\/figure><\/a><\/div><div class=\"swiper-slide\" role=\"group\" aria-roledescription=\"slide\" aria-label=\"2 von 5\"><a data-elementor-open-lightbox=\"yes\" data-elementor-lightbox-slideshow=\"f116ac7\" data-elementor-lightbox-title=\"fischer_kirchenkonzert17fr-47-1024x683\" data-e-action-hash=\"#elementor-action%3Aaction%3Dlightbox%26settings%3DeyJpZCI6Nzk5NiwidXJsIjoiaHR0cHM6XC9cL3d3dy5tay1wb2VsbGF1LmF0XC9vbmxpbmVcL3dwLWNvbnRlbnRcL3VwbG9hZHNcLzIwMjVcLzAxXC9maXNjaGVyX2tpcmNoZW5rb256ZXJ0MTdmci00Ny0xMDI0eDY4My0xLmpwZyIsInNsaWRlc2hvdyI6ImYxMTZhYzcifQ%3D%3D\" href=\"https:\/\/www.mk-poellau.at\/online\/wp-content\/uploads\/2025\/01\/fischer_kirchenkonzert17fr-47-1024x683-1.jpg\" data-rel=\"lightbox-image-1\" data-rl_title=\"\" data-rl_caption=\"\" title=\"\"><figure class=\"swiper-slide-inner\"><img decoding=\"async\" class=\"swiper-slide-image\" src=\"https:\/\/www.mk-poellau.at\/online\/wp-content\/uploads\/2025\/01\/fischer_kirchenkonzert17fr-47-1024x683-1-300x200.jpg\" alt=\"fischer_kirchenkonzert17fr-47-1024x683\" \/><\/figure><\/a><\/div><div class=\"swiper-slide\" role=\"group\" aria-roledescription=\"slide\" aria-label=\"3 von 5\"><a data-elementor-open-lightbox=\"yes\" data-elementor-lightbox-slideshow=\"f116ac7\" data-elementor-lightbox-title=\"MG_8014-1024x683\" data-e-action-hash=\"#elementor-action%3Aaction%3Dlightbox%26settings%3DeyJpZCI6Nzk5NSwidXJsIjoiaHR0cHM6XC9cL3d3dy5tay1wb2VsbGF1LmF0XC9vbmxpbmVcL3dwLWNvbnRlbnRcL3VwbG9hZHNcLzIwMjVcLzAxXC9NR184MDE0LTEwMjR4NjgzLTEuanBnIiwic2xpZGVzaG93IjoiZjExNmFjNyJ9\" href=\"https:\/\/www.mk-poellau.at\/online\/wp-content\/uploads\/2025\/01\/MG_8014-1024x683-1.jpg\" data-rel=\"lightbox-image-2\" data-rl_title=\"\" data-rl_caption=\"\" title=\"\"><figure class=\"swiper-slide-inner\"><img decoding=\"async\" class=\"swiper-slide-image\" src=\"https:\/\/www.mk-poellau.at\/online\/wp-content\/uploads\/2025\/01\/MG_8014-1024x683-1-300x200.jpg\" alt=\"MG_8014-1024x683\" \/><\/figure><\/a><\/div><div class=\"swiper-slide\" role=\"group\" aria-roledescription=\"slide\" aria-label=\"4 von 5\"><a data-elementor-open-lightbox=\"yes\" data-elementor-lightbox-slideshow=\"f116ac7\" data-elementor-lightbox-title=\"fischer_kirchenkonzert17fr-16-1024x683\" data-e-action-hash=\"#elementor-action%3Aaction%3Dlightbox%26settings%3DeyJpZCI6Nzk5NCwidXJsIjoiaHR0cHM6XC9cL3d3dy5tay1wb2VsbGF1LmF0XC9vbmxpbmVcL3dwLWNvbnRlbnRcL3VwbG9hZHNcLzIwMjVcLzAxXC9maXNjaGVyX2tpcmNoZW5rb256ZXJ0MTdmci0xNi0xMDI0eDY4My0xLmpwZyIsInNsaWRlc2hvdyI6ImYxMTZhYzcifQ%3D%3D\" href=\"https:\/\/www.mk-poellau.at\/online\/wp-content\/uploads\/2025\/01\/fischer_kirchenkonzert17fr-16-1024x683-1.jpg\" data-rel=\"lightbox-image-3\" data-rl_title=\"\" data-rl_caption=\"\" title=\"\"><figure class=\"swiper-slide-inner\"><img decoding=\"async\" class=\"swiper-slide-image\" src=\"https:\/\/www.mk-poellau.at\/online\/wp-content\/uploads\/2025\/01\/fischer_kirchenkonzert17fr-16-1024x683-1-300x200.jpg\" alt=\"fischer_kirchenkonzert17fr-16-1024x683\" \/><\/figure><\/a><\/div><div class=\"swiper-slide\" role=\"group\" aria-roledescription=\"slide\" aria-label=\"5 von 5\"><a data-elementor-open-lightbox=\"yes\" data-elementor-lightbox-slideshow=\"f116ac7\" data-elementor-lightbox-title=\"MG_8091-1024x683 (1)\" data-e-action-hash=\"#elementor-action%3Aaction%3Dlightbox%26settings%3DeyJpZCI6Nzk5MywidXJsIjoiaHR0cHM6XC9cL3d3dy5tay1wb2VsbGF1LmF0XC9vbmxpbmVcL3dwLWNvbnRlbnRcL3VwbG9hZHNcLzIwMjVcLzAxXC9NR184MDkxLTEwMjR4NjgzLTEuanBnIiwic2xpZGVzaG93IjoiZjExNmFjNyJ9\" href=\"https:\/\/www.mk-poellau.at\/online\/wp-content\/uploads\/2025\/01\/MG_8091-1024x683-1.jpg\" data-rel=\"lightbox-image-4\" data-rl_title=\"\" data-rl_caption=\"\" title=\"\"><figure class=\"swiper-slide-inner\"><img decoding=\"async\" class=\"swiper-slide-image\" src=\"https:\/\/www.mk-poellau.at\/online\/wp-content\/uploads\/2025\/01\/MG_8091-1024x683-1-300x200.jpg\" alt=\"MG_8091-1024x683 (1)\" \/><\/figure><\/a><\/div>\t\t\t<\/div>\n\t\t\t\t\t\t\t\t\t\t\t\t<div class=\"elementor-swiper-button elementor-swiper-button-prev\" role=\"button\" tabindex=\"0\">\n\t\t\t\t\t\t<svg aria-hidden=\"true\" class=\"e-font-icon-svg e-eicon-chevron-left\" viewBox=\"0 0 1000 1000\" xmlns=\"http:\/\/www.w3.org\/2000\/svg\"><path d=\"M646 125C629 125 613 133 604 142L308 442C296 454 292 471 292 487 292 504 296 521 308 533L604 854C617 867 629 875 646 875 663 875 679 871 692 858 704 846 713 829 713 812 713 796 708 779 692 767L438 487 692 225C700 217 708 204 708 187 708 171 704 154 692 142 675 129 663 125 646 125Z\"><\/path><\/svg>\t\t\t\t\t<\/div>\n\t\t\t\t\t<div class=\"elementor-swiper-button elementor-swiper-button-next\" role=\"button\" tabindex=\"0\">\n\t\t\t\t\t\t<svg aria-hidden=\"true\" class=\"e-font-icon-svg e-eicon-chevron-right\" viewBox=\"0 0 1000 1000\" xmlns=\"http:\/\/www.w3.org\/2000\/svg\"><path d=\"M696 533C708 521 713 504 713 487 713 471 708 454 696 446L400 146C388 133 375 125 354 125 338 125 325 129 313 142 300 154 292 171 292 187 292 204 296 221 308 233L563 492 304 771C292 783 288 800 288 817 288 833 296 850 308 863 321 871 338 875 354 875 371 875 388 867 400 854L696 533Z\"><\/path><\/svg>\t\t\t\t\t<\/div>\n\t\t\t\t\n\t\t\t\t\t\t\t\t\t<div class=\"swiper-pagination\"><\/div>\n\t\t\t\t\t\t\t\t\t<\/div>\n\t\t\t\t\t\t<\/div>\n\t\t\t\t<\/div>\n\t\t\t\t\t<\/div>\n\t\t\t\t<\/div>\n\t\t\t\t<\/div>\n\t\t","protected":false},"excerpt":{"rendered":"<p>Emotion Pur! Der Imagefilm der Musikkapelle P\u00f6llau https:\/\/youtu.be\/856OA4Eld4o 120 Sekunden die ber\u00fchren, 120 Sekunden die unsere Werte und F\u00e4higkeiten transportieren, 120 Sekunden als bewegte Visitenkarte, die zeigen was die Musikkapelle [&hellip;]<\/p>\n","protected":false},"author":1,"featured_media":0,"parent":59,"menu_order":11,"comment_status":"closed","ping_status":"closed","template":"","meta":{"_acf_changed":false,"footnotes":""},"class_list":["post-77","page","type-page","status-publish","hentry"],"acf":[],"_links":{"self":[{"href":"https:\/\/www.mk-poellau.at\/online\/wp-json\/wp\/v2\/pages\/77","targetHints":{"allow":["GET"]}}],"collection":[{"href":"https:\/\/www.mk-poellau.at\/online\/wp-json\/wp\/v2\/pages"}],"about":[{"href":"https:\/\/www.mk-poellau.at\/online\/wp-json\/wp\/v2\/types\/page"}],"author":[{"embeddable":true,"href":"https:\/\/www.mk-poellau.at\/online\/wp-json\/wp\/v2\/users\/1"}],"replies":[{"embeddable":true,"href":"https:\/\/www.mk-poellau.at\/online\/wp-json\/wp\/v2\/comments?post=77"}],"version-history":[{"count":0,"href":"https:\/\/www.mk-poellau.at\/online\/wp-json\/wp\/v2\/pages\/77\/revisions"}],"up":[{"embeddable":true,"href":"https:\/\/www.mk-poellau.at\/online\/wp-json\/wp\/v2\/pages\/59"}],"wp:attachment":[{"href":"https:\/\/www.mk-poellau.at\/online\/wp-json\/wp\/v2\/media?parent=77"}],"curies":[{"name":"wp","href":"https:\/\/api.w.org\/{rel}","templated":true}]}}